{"id":109,"date":"2012-09-13T21:32:15","date_gmt":"2012-09-13T20:32:15","guid":{"rendered":"http:\/\/rolfs-blog.no-ip.org\/?page_id=109"},"modified":"2022-10-28T21:25:52","modified_gmt":"2022-10-28T20:25:52","slug":"impressum","status":"publish","type":"page","link":"https:\/\/www.rolfs-blog.de\/?page_id=109","title":{"rendered":"Impressum"},"content":{"rendered":"<h1>Impressum<\/h1>\n<p>Angaben gem\u00e4\u00df \u00a7 5 TMG:<\/p>\n<p>Rolf Mayer<br \/>\nTacitusweg 15<br \/>\n71642 Ludwigsburg<\/p>\n<h2>Kontakt:<\/h2>\n<table>\n<tbody>\n<tr>\n<td>Telefon:<\/td>\n<td>07141-57927<\/td>\n<\/tr>\n<tr>\n<td>E-Mail:<\/td>\n<td>rolf@mayer-lb.de<\/td>\n<\/tr>\n<\/tbody>\n<\/table>\n<p>Quelle: <i>Impressumgenerator von <a href=\"https:\/\/www.e-recht24.de\">www.e-recht24.de<\/a>.<\/i><\/p>\n<h1>Datenschutzerkl\u00e4rung<\/h1>\n<h2>Datenschutz<\/h2>\n<p>Die Betreiber dieser Seiten nehmen&nbsp;den Schutz Ihrer pers\u00f6nlichen Daten sehr ernst. Wir behandeln Ihre personenbezogenen Daten&nbsp;vertraulich und entsprechend der gesetzlichen Datenschutzvorschriften sowie dieser&nbsp;Datenschutzerkl\u00e4rung.<\/p>\n<p>Die Nutzung unserer Website ist in der Regel ohne Angabe&nbsp;personenbezogener Daten m\u00f6glich. Soweit auf unseren Seiten personenbezogene Daten&nbsp;(beispielsweise Name, Anschrift oder E-Mail-Adressen) erhoben werden, erfolgt dies, soweit&nbsp;m\u00f6glich, stets auf freiwilliger Basis. Diese Daten werden ohne Ihre ausdr\u00fcckliche Zustimmung&nbsp;nicht an Dritte weitergegeben.<\/p>\n<p>Wir weisen darauf hin, dass die Daten\u00fcbertragung im Internet&nbsp;(z.B. bei der Kommunikation per E-Mail) Sicherheitsl\u00fccken aufweisen kann. Ein l\u00fcckenloser&nbsp;Schutz der Daten vor dem Zugriff durch Dritte ist nicht m\u00f6glich.<\/p>\n<h2>Cookies<\/h2>\n<p>Die Internetseiten verwenden teilweise so genannte Cookies. Cookies richten auf&nbsp;Ihrem Rechner keinen Schaden an und enthalten keine Viren. Cookies dienen dazu, unser Angebot<br \/>\nnutzerfreundlicher, effektiver und sicherer zu machen. Cookies sind kleine Textdateien, die auf Ihrem&nbsp;Rechner abgelegt werden und die Ihr Browser speichert.<\/p>\n<p>Die meisten der von uns verwendeten&nbsp;Cookies sind so genannte \u201eSession-Cookies\u201c. Sie werden nach Ende Ihres Besuchs automatisch&nbsp;gel\u00f6scht. Andere Cookies bleiben auf Ihrem Endger\u00e4t gespeichert, bis Sie diese l\u00f6schen.&nbsp;Diese Cookies erm\u00f6glichen es uns, Ihren Browser beim n\u00e4chsten Besuch&nbsp;wiederzuerkennen.<\/p>\n<p>Sie k\u00f6nnen Ihren Browser so einstellen, dass Sie \u00fcber das Setzen&nbsp;von Cookies informiert werden und Cookies nur im Einzelfall erlauben, die Annahme von Cookies f\u00fcr&nbsp;bestimmte F\u00e4lle oder generell ausschlie\u00dfen sowie das automatische L\u00f6schen der&nbsp;Cookies beim Schlie\u00dfen des Browser aktivieren. Bei der Deaktivierung von Cookies kann die&nbsp;Funktionalit\u00e4t dieser Website eingeschr\u00e4nkt sein.<\/p>\n<h2>Server-Log-Files<\/h2>\n<p>Der Provider der Seiten erhebt und speichert automatisch Informationen in so genannten<br \/>\nServer-Log Files, die Ihr Browser automatisch an uns \u00fcbermittelt. Dies sind:<\/p>\n<ul>\n<li>Browsertyp und Browserversion<\/li>\n<li>verwendetes Betriebssystem<\/li>\n<li>Referrer URL<\/li>\n<li>Hostname des zugreifenden Rechners<\/li>\n<li>Uhrzeit der Serveranfrage<\/li>\n<\/ul>\n<p>Diese Daten&nbsp;sind nicht bestimmten Personen zuordenbar. Eine Zusammenf\u00fchrung dieser Daten mit anderen&nbsp;Datenquellen wird nicht vorgenommen. Wir behalten uns vor, diese Daten nachtr\u00e4glich zu&nbsp;pr\u00fcfen, wenn uns konkrete Anhaltspunkte f\u00fcr eine rechtswidrige Nutzung bekannt&nbsp;werden.<\/p>\n<h2>Kontaktformular<\/h2>\n<p>Wenn Sie uns per Kontaktformular Anfragen&nbsp;zukommen lassen, werden Ihre Angaben aus dem Anfrageformular inklusive der von Ihnen dort&nbsp;angegebenen Kontaktdaten zwecks Bearbeitung der Anfrage und f\u00fcr den Fall von Anschlussfragen&nbsp;bei uns gespeichert. Diese Daten geben wir nicht ohne Ihre Einwilligung weiter.<\/p>\n<h2>Matomo<\/h2>\n<p>Diese Website benutzt den Open Source Webanalysedienst Matomo. Matomo&nbsp;verwendet so genannte &#8222;Cookies&#8220;. Das sind Textdateien, die auf Ihrem Computer gespeichert werden und&nbsp;die eine Analyse der Benutzung der Website durch Sie erm\u00f6glichen. Dazu werden die durch den<br \/>\nCookie erzeugten Informationen \u00fcber die Benutzung dieser Website auf unserem Server<br \/>\ngespeichert. Die IP-Adresse wird vor der Speicherung anonymisiert.<\/p>\n<p>Die durch den Cookie&nbsp;erzeugten Informationen \u00fcber die Benutzung dieser Website werden nicht an Dritte weitergegeben.&nbsp;Sie k\u00f6nnen die Speicherung der Cookies durch eine entsprechende Einstellung Ihrer Browser-Software verhindern; wir weisen Sie jedoch darauf hin, dass Sie in diesem Fall gegebenenfalls nicht&nbsp;s\u00e4mtliche Funktionen dieser Website vollumf\u00e4nglich werden nutzen k\u00f6nnen.<\/p>\n<p>Wenn Sie mit der Speicherung und Nutzung Ihrer Daten nicht einverstanden sind, k\u00f6nnen Sie<br \/>\ndie Speicherung und Nutzung hier deaktivieren. In diesem Fall wird in Ihrem Browser ein Opt-Out-Cookie&nbsp;hinterlegt, der verhindert, dass Matomo Nutzungsdaten speichert. Wenn Sie Ihre Cookies l\u00f6schen,&nbsp;hat dies zur Folge, dass auch das Matomo Opt-Out-Cookie gel\u00f6scht wird. Das Opt-Out muss bei&nbsp;einem erneuten Besuch unserer Seite wieder aktiviert werden.<br \/>\n<iframe style=\"border: 0; height: 200px; width: 600px;\" src=\"https:\/\/piwik.rolf-mayer.eu\/index.php?module=CoreAdminHome&amp;action=optOut&amp;language=de&amp;backgroundColor=&amp;fontColor=&amp;fontSize=16px&amp;fontFamily=Helvetica\"><\/iframe><\/p>\n<h2>Facebook-Plugins (Like-Button)<\/h2>\n<p>Auf unseren Seiten sind Plugins des sozialen Netzwerks&nbsp;Facebook, Anbieter Facebook Inc., 1 Hacker Way, Menlo Park, California 94025, USA, integriert. Die&nbsp;Facebook-Plugins erkennen Sie an dem Facebook-Logo oder dem &#8222;Like-Button&#8220; (&#8222;Gef\u00e4llt mir&#8220;) auf&nbsp;unserer Seite. Eine \u00dcbersicht \u00fcber die Facebook-Plugins finden Sie hier: <a href=\"https:\/\/developers.facebook.com\/docs\/plugins\/\" target=\"_blank\" rel=\"noopener\">https:\/\/developers.facebook.com\/docs\/plugins\/<\/a>.<\/p>\n<p>Wenn Sie unsere Seiten&nbsp;besuchen, wird \u00fcber das Plugin eine direkte Verbindung zwischen Ihrem Browser und dem&nbsp;Facebook-Server hergestellt. Facebook erh\u00e4lt dadurch die Information, dass Sie mit Ihrer IPAdresse&nbsp;unsere Seite besucht haben. Wenn Sie den Facebook &#8222;Like-Button&#8220; anklicken w\u00e4hrend Sie&nbsp;in Ihrem Facebook-Account eingeloggt sind, k\u00f6nnen Sie die Inhalte unserer Seiten auf Ihrem&nbsp;Facebook-Profil verlinken. Dadurch kann Facebook den Besuch unserer Seiten Ihrem Benutzerkonto&nbsp;zuordnen. Wir weisen darauf hin, dass wir als Anbieter der Seiten keine Kenntnis vom Inhalt der&nbsp;\u00fcbermittelten Daten sowie deren Nutzung durch Facebook erhalten. Weitere Informationen hierzu&nbsp;finden Sie in der Datenschutzerkl\u00e4rung von Facebook unter <a href=\"https:\/\/dede. facebook.com\/policy.php\" target=\"_blank\" rel=\"noopener\">https:\/\/de-de.facebook.com\/policy.php<\/a>.<\/p>\n<p>Wenn&nbsp;Sie nicht w\u00fcnschen, dass Facebook den Besuch unserer Seiten Ihrem Facebook-Nutzerkonto&nbsp;zuordnen kann, loggen Sie sich bitte aus Ihrem Facebook-Benutzerkonto aus.<\/p>\n<h2>Twitter<\/h2>\n<p>Auf unseren Seiten sind Funktionen des Dienstes Twitter eingebunden. Diese&nbsp;Funktionen werden angeboten durch die Twitter Inc., 1355 Market Street, Suite 900, San Francisco, CA<br \/>\n94103, USA. Durch das Benutzen von Twitter und der Funktion &#8222;Re-Tweet&#8220; werden die von Ihnen&nbsp;besuchten Websites mit Ihrem Twitter-Account verkn\u00fcpft und anderen Nutzern bekannt gegeben.&nbsp;Dabei werden auch Daten an Twitter \u00fcbertragen. Wir weisen darauf hin, dass wir als Anbieter der&nbsp;Seiten keine Kenntnis vom Inhalt der \u00fcbermittelten Daten sowie deren Nutzung durch Twitter&nbsp;erhalten. Weitere Informationen hierzu finden Sie in der Datenschutzerkl\u00e4rung von Twitter unter <a href=\"https:\/\/twitter.com\/privacy\" target=\"_blank\" rel=\"noopener\">https:\/\/twitter.com\/privacy<\/a>.<\/p>\n<p>Ihre&nbsp;Datenschutzeinstellungen bei Twitter k\u00f6nnen Sie in den Konto-Einstellungen unter: <a href=\"https:\/\/twitter.com\/account\/settings\" target=\"_blank\" rel=\"noopener\">https:\/\/twitter.com\/account\/settings&nbsp;<\/a>&nbsp;\u00e4ndern.<\/p>\n<h2>Kommentarfunktion auf dieser Website<\/h2>\n<p>F\u00fcr die&nbsp;Kommentarfunktion auf dieser Seite werden neben Ihrem Kommentar auch Angaben zum Zeitpunkt der&nbsp;Erstellung des Kommentars und, wenn Sie nicht anonym posten, der von Ihnen gew\u00e4hlte&nbsp;Nutzername gespeichert.<\/p>\n<p><strong>Speicherung der IP Adresse<\/strong><\/p>\n<p>Unsere&nbsp;Kommentarfunktion speichert die IP-Adressen der Nutzer, die Kommentare verfassen. Da wir&nbsp;Kommentare auf unserer Seite nicht vor der Freischaltung pr\u00fcfen, ben\u00f6tigen wir diese Daten,&nbsp;um im Falle von Rechtsverletzungen wie Beleidigungen oder Propaganda gegen den Verfasser vorgehen&nbsp;zu k\u00f6nnen.<\/p>\n<h2>SSL-Verschl\u00fcsselung<\/h2>\n<p>Diese Seite nutzt aus&nbsp;Gr\u00fcnden der Sicherheit und zum Schutz der \u00dcbertragung vertraulicher Inhalte, wie zum&nbsp;Beispiel der Anfragen, die Sie an uns als Seitenbetreiber senden, eine SSL-Verschl\u00fcsselung. Eine&nbsp;verschl\u00fcsselte Verbindung erkennen Sie daran, dass die Adresszeile des Browsers von&nbsp;&#8222;http:\/\/&#8220; auf &#8222;https:\/\/&#8220; wechselt und an dem Schloss-Symbol in Ihrer&nbsp;Browserzeile.<\/p>\n<p>Wenn die SSL Verschl\u00fcsselung aktiviert ist, k\u00f6nnen die Daten, die Sie&nbsp;an uns \u00fcbermitteln, nicht von Dritten mitgelesen werden.<\/p>\n<h2>Recht auf<br \/>\nAuskunft, L\u00f6schung, Sperrung<\/h2>\n<p>Sie haben jederzeit das Recht auf unentgeltliche Auskunft&nbsp;\u00fcber Ihre gespeicherten personenbezogenen Daten, deren Herkunft und Empf\u00e4nger und den&nbsp;Zweck der Datenverarbeitung sowie ein Recht auf Berichtigung, Sperrung oder L\u00f6schung dieser<br \/>\nDaten. Hierzu sowie zu weiteren Fragen zum Thema personenbezogene Daten k\u00f6nnen Sie sich<br \/>\njederzeit unter der im Impressum angegebenen Adresse an uns wenden.<\/p>\n<p>Quelle:<br \/>\n<a href=\"https:\/\/www.e-recht24.de\">eRecht24<\/a><\/p>\n","protected":false},"excerpt":{"rendered":"<p>Impressum Angaben gem\u00e4\u00df \u00a7 5 TMG: Rolf Mayer Tacitusweg 15 71642 Ludwigsburg Kontakt: Telefon: 07141-57927 E-Mail: rolf@mayer-lb.de Quelle: Impressumgenerator von www.e-recht24.de. Datenschutzerkl\u00e4rung Datenschutz Die Betreiber dieser Seiten nehmen&nbsp;den Schutz Ihrer pers\u00f6nlichen Daten sehr ernst. Wir behandeln Ihre personenbezogenen Daten&nbsp;vertraulich und entsprechend der gesetzlichen Datenschutzvorschriften sowie dieser&nbsp;Datenschutzerkl\u00e4rung. Die Nutzung unserer Website ist in der Regel ohne [&hellip;]<\/p>\n","protected":false},"author":1,"featured_media":0,"parent":0,"menu_order":0,"comment_status":"open","ping_status":"open","template":"","meta":{"footnotes":""},"class_list":["post-109","page","type-page","status-publish","hentry"],"yoast_head":"<!-- This site is optimized with the Yoast SEO plugin v27.5 - https:\/\/yoast.com\/product\/yoast-seo-wordpress\/ -->\n<title>Impressum - Rolfs Blog<\/title>\n<meta name=\"robots\" content=\"index, follow, max-snippet:-1, max-image-preview:large, max-video-preview:-1\" \/>\n<link rel=\"canonical\" href=\"https:\/\/www.rolfs-blog.de\/?page_id=109\" \/>\n<meta property=\"og:locale\" content=\"de_DE\" \/>\n<meta property=\"og:type\" content=\"article\" \/>\n<meta property=\"og:title\" content=\"Impressum - Rolfs Blog\" \/>\n<meta property=\"og:description\" content=\"Impressum Angaben gem\u00e4\u00df \u00a7 5 TMG: Rolf Mayer Tacitusweg 15 71642 Ludwigsburg Kontakt: Telefon: 07141-57927 E-Mail: rolf@mayer-lb.de Quelle: Impressumgenerator von www.e-recht24.de. Datenschutzerkl\u00e4rung Datenschutz Die Betreiber dieser Seiten nehmen&nbsp;den Schutz Ihrer pers\u00f6nlichen Daten sehr ernst. Wir behandeln Ihre personenbezogenen Daten&nbsp;vertraulich und entsprechend der gesetzlichen Datenschutzvorschriften sowie dieser&nbsp;Datenschutzerkl\u00e4rung. Die Nutzung unserer Website ist in der Regel ohne [&hellip;]\" \/>\n<meta property=\"og:url\" content=\"https:\/\/www.rolfs-blog.de\/?page_id=109\" \/>\n<meta property=\"og:site_name\" content=\"Rolfs Blog\" \/>\n<meta property=\"article:modified_time\" content=\"2022-10-28T20:25:52+00:00\" \/>\n<meta name=\"twitter:label1\" content=\"Gesch\u00e4tzte Lesezeit\" \/>\n\t<meta name=\"twitter:data1\" content=\"6\u00a0Minuten\" \/>\n<script type=\"application\/ld+json\" class=\"yoast-schema-graph\">{\"@context\":\"https:\\\/\\\/schema.org\",\"@graph\":[{\"@type\":\"WebPage\",\"@id\":\"https:\\\/\\\/www.rolfs-blog.de\\\/?page_id=109\",\"url\":\"https:\\\/\\\/www.rolfs-blog.de\\\/?page_id=109\",\"name\":\"Impressum - Rolfs Blog\",\"isPartOf\":{\"@id\":\"https:\\\/\\\/www.rolfs-blog.de\\\/#website\"},\"datePublished\":\"2012-09-13T20:32:15+00:00\",\"dateModified\":\"2022-10-28T20:25:52+00:00\",\"breadcrumb\":{\"@id\":\"https:\\\/\\\/www.rolfs-blog.de\\\/?page_id=109#breadcrumb\"},\"inLanguage\":\"de\",\"potentialAction\":[{\"@type\":\"ReadAction\",\"target\":[\"https:\\\/\\\/www.rolfs-blog.de\\\/?page_id=109\"]}]},{\"@type\":\"BreadcrumbList\",\"@id\":\"https:\\\/\\\/www.rolfs-blog.de\\\/?page_id=109#breadcrumb\",\"itemListElement\":[{\"@type\":\"ListItem\",\"position\":1,\"name\":\"Startseite\",\"item\":\"https:\\\/\\\/www.rolfs-blog.de\\\/\"},{\"@type\":\"ListItem\",\"position\":2,\"name\":\"Impressum\"}]},{\"@type\":\"WebSite\",\"@id\":\"https:\\\/\\\/www.rolfs-blog.de\\\/#website\",\"url\":\"https:\\\/\\\/www.rolfs-blog.de\\\/\",\"name\":\"Rolfs Blog\",\"description\":\"Nachrichten aus Lateinamerika, aus Spanien und dem Rest der Welt\",\"publisher\":{\"@id\":\"https:\\\/\\\/www.rolfs-blog.de\\\/#\\\/schema\\\/person\\\/fe7269fb7d811168bef28b3b0d829798\"},\"potentialAction\":[{\"@type\":\"SearchAction\",\"target\":{\"@type\":\"EntryPoint\",\"urlTemplate\":\"https:\\\/\\\/www.rolfs-blog.de\\\/?s={search_term_string}\"},\"query-input\":{\"@type\":\"PropertyValueSpecification\",\"valueRequired\":true,\"valueName\":\"search_term_string\"}}],\"inLanguage\":\"de\"},{\"@type\":[\"Person\",\"Organization\"],\"@id\":\"https:\\\/\\\/www.rolfs-blog.de\\\/#\\\/schema\\\/person\\\/fe7269fb7d811168bef28b3b0d829798\",\"name\":\"Rolf\",\"image\":{\"@type\":\"ImageObject\",\"inLanguage\":\"de\",\"@id\":\"https:\\\/\\\/www.rolfs-blog.de\\\/wp-content\\\/uploads\\\/2016\\\/01\\\/rolf2-150x150.png\",\"url\":\"https:\\\/\\\/www.rolfs-blog.de\\\/wp-content\\\/uploads\\\/2016\\\/01\\\/rolf2-150x150.png\",\"contentUrl\":\"https:\\\/\\\/www.rolfs-blog.de\\\/wp-content\\\/uploads\\\/2016\\\/01\\\/rolf2-150x150.png\",\"caption\":\"Rolf\"},\"logo\":{\"@id\":\"https:\\\/\\\/www.rolfs-blog.de\\\/wp-content\\\/uploads\\\/2016\\\/01\\\/rolf2-150x150.png\"}}]}<\/script>\n<!-- \/ Yoast SEO plugin. -->","yoast_head_json":{"title":"Impressum - Rolfs Blog","robots":{"index":"index","follow":"follow","max-snippet":"max-snippet:-1","max-image-preview":"max-image-preview:large","max-video-preview":"max-video-preview:-1"},"canonical":"https:\/\/www.rolfs-blog.de\/?page_id=109","og_locale":"de_DE","og_type":"article","og_title":"Impressum - Rolfs Blog","og_description":"Impressum Angaben gem\u00e4\u00df \u00a7 5 TMG: Rolf Mayer Tacitusweg 15 71642 Ludwigsburg Kontakt: Telefon: 07141-57927 E-Mail: rolf@mayer-lb.de Quelle: Impressumgenerator von www.e-recht24.de. Datenschutzerkl\u00e4rung Datenschutz Die Betreiber dieser Seiten nehmen&nbsp;den Schutz Ihrer pers\u00f6nlichen Daten sehr ernst. Wir behandeln Ihre personenbezogenen Daten&nbsp;vertraulich und entsprechend der gesetzlichen Datenschutzvorschriften sowie dieser&nbsp;Datenschutzerkl\u00e4rung. Die Nutzung unserer Website ist in der Regel ohne [&hellip;]","og_url":"https:\/\/www.rolfs-blog.de\/?page_id=109","og_site_name":"Rolfs Blog","article_modified_time":"2022-10-28T20:25:52+00:00","twitter_misc":{"Gesch\u00e4tzte Lesezeit":"6\u00a0Minuten"},"schema":{"@context":"https:\/\/schema.org","@graph":[{"@type":"WebPage","@id":"https:\/\/www.rolfs-blog.de\/?page_id=109","url":"https:\/\/www.rolfs-blog.de\/?page_id=109","name":"Impressum - Rolfs Blog","isPartOf":{"@id":"https:\/\/www.rolfs-blog.de\/#website"},"datePublished":"2012-09-13T20:32:15+00:00","dateModified":"2022-10-28T20:25:52+00:00","breadcrumb":{"@id":"https:\/\/www.rolfs-blog.de\/?page_id=109#breadcrumb"},"inLanguage":"de","potentialAction":[{"@type":"ReadAction","target":["https:\/\/www.rolfs-blog.de\/?page_id=109"]}]},{"@type":"BreadcrumbList","@id":"https:\/\/www.rolfs-blog.de\/?page_id=109#breadcrumb","itemListElement":[{"@type":"ListItem","position":1,"name":"Startseite","item":"https:\/\/www.rolfs-blog.de\/"},{"@type":"ListItem","position":2,"name":"Impressum"}]},{"@type":"WebSite","@id":"https:\/\/www.rolfs-blog.de\/#website","url":"https:\/\/www.rolfs-blog.de\/","name":"Rolfs Blog","description":"Nachrichten aus Lateinamerika, aus Spanien und dem Rest der Welt","publisher":{"@id":"https:\/\/www.rolfs-blog.de\/#\/schema\/person\/fe7269fb7d811168bef28b3b0d829798"},"potentialAction":[{"@type":"SearchAction","target":{"@type":"EntryPoint","urlTemplate":"https:\/\/www.rolfs-blog.de\/?s={search_term_string}"},"query-input":{"@type":"PropertyValueSpecification","valueRequired":true,"valueName":"search_term_string"}}],"inLanguage":"de"},{"@type":["Person","Organization"],"@id":"https:\/\/www.rolfs-blog.de\/#\/schema\/person\/fe7269fb7d811168bef28b3b0d829798","name":"Rolf","image":{"@type":"ImageObject","inLanguage":"de","@id":"https:\/\/www.rolfs-blog.de\/wp-content\/uploads\/2016\/01\/rolf2-150x150.png","url":"https:\/\/www.rolfs-blog.de\/wp-content\/uploads\/2016\/01\/rolf2-150x150.png","contentUrl":"https:\/\/www.rolfs-blog.de\/wp-content\/uploads\/2016\/01\/rolf2-150x150.png","caption":"Rolf"},"logo":{"@id":"https:\/\/www.rolfs-blog.de\/wp-content\/uploads\/2016\/01\/rolf2-150x150.png"}}]}},"_links":{"self":[{"href":"https:\/\/www.rolfs-blog.de\/index.php?rest_route=\/wp\/v2\/pages\/109","targetHints":{"allow":["GET"]}}],"collection":[{"href":"https:\/\/www.rolfs-blog.de\/index.php?rest_route=\/wp\/v2\/pages"}],"about":[{"href":"https:\/\/www.rolfs-blog.de\/index.php?rest_route=\/wp\/v2\/types\/page"}],"author":[{"embeddable":true,"href":"https:\/\/www.rolfs-blog.de\/index.php?rest_route=\/wp\/v2\/users\/1"}],"replies":[{"embeddable":true,"href":"https:\/\/www.rolfs-blog.de\/index.php?rest_route=%2Fwp%2Fv2%2Fcomments&post=109"}],"version-history":[{"count":5,"href":"https:\/\/www.rolfs-blog.de\/index.php?rest_route=\/wp\/v2\/pages\/109\/revisions"}],"predecessor-version":[{"id":1448,"href":"https:\/\/www.rolfs-blog.de\/index.php?rest_route=\/wp\/v2\/pages\/109\/revisions\/1448"}],"wp:attachment":[{"href":"https:\/\/www.rolfs-blog.de\/index.php?rest_route=%2Fwp%2Fv2%2Fmedia&parent=109"}],"curies":[{"name":"wp","href":"https:\/\/api.w.org\/{rel}","templated":true}]}}